{"id":1284,"date":"2019-04-09T12:19:35","date_gmt":"2019-04-09T10:19:35","guid":{"rendered":"https:\/\/outdoorcampingplatz-im-hunsrueck.de\/?page_id=1284"},"modified":"2025-09-04T16:19:51","modified_gmt":"2025-09-04T14:19:51","slug":"site-notice","status":"publish","type":"page","link":"https:\/\/outdoorcampingplatz-im-hunsrueck.de\/en\/site-notice\/","title":{"rendered":"Site Notice"},"content":{"rendered":"<p>[et_pb_section fb_built=&#8221;1&#8243; admin_label=&#8221;section&#8221; _builder_version=&#8221;4.16&#8243; custom_padding=&#8221;15vh||15vh||true|false&#8221; global_colors_info=&#8221;{}&#8221;][et_pb_row admin_label=&#8221;row&#8221; _builder_version=&#8221;4.16&#8243; background_size=&#8221;initial&#8221; background_position=&#8221;top_left&#8221; background_repeat=&#8221;repeat&#8221; width=&#8221;100%&#8221; max_width=&#8221;95%&#8221; custom_padding=&#8221;0px||0px||true|false&#8221; global_colors_info=&#8221;{}&#8221;][et_pb_column type=&#8221;4_4&#8243; _builder_version=&#8221;4.16&#8243; custom_padding=&#8221;|||&#8221; global_colors_info=&#8221;{}&#8221; custom_padding__hover=&#8221;|||&#8221;][et_pb_text admin_label=&#8221;Text&#8221; _builder_version=&#8221;4.27.4&#8243; header_font=&#8221;Poppins||||||||&#8221; header_2_font=&#8221;Poppins||||||||&#8221; header_3_font=&#8221;Poppins||||||||&#8221; header_4_font=&#8221;Poppins||||||||&#8221; header_5_font=&#8221;Poppins||||||||&#8221; header_6_font=&#8221;Poppins||||||||&#8221; background_size=&#8221;initial&#8221; background_position=&#8221;top_left&#8221; background_repeat=&#8221;repeat&#8221; hover_enabled=&#8221;0&#8243; global_colors_info=&#8221;{}&#8221; sticky_enabled=&#8221;0&#8243;]<\/p>\n<h1>Site Notice<\/h1>\n<p>Bj\u00f6rn Filz<br \/>Outdoorcampingplatz Massingsm\u00fchle<br \/>Bj\u00f6rn Filz<br \/>Massingsm\u00fchle<br \/>54424 Etgert<\/p>\n<h2>Contact<\/h2>\n<p>Phone: 06504-305<br \/>E-mail: filz_massingsmuehle@gmx.de<\/p>\n<h2>Dispute resolution proceedings in front of a consumer arbitration board<\/h2>\n<p>We are not willing or obliged to participate in dispute resolution proceedings in front of a consumer arbitration board.<\/p>\n<p>[\/et_pb_text][\/et_pb_column][\/et_pb_row][\/et_pb_section]<\/p>\n","protected":false},"excerpt":{"rendered":"<p>Site Notice Bj\u00f6rn FilzOutdoorcampingplatz Massingsm\u00fchleBj\u00f6rn FilzMassingsm\u00fchle54424 Etgert Contact Phone: 06504-305E-mail: filz_massingsmuehle@gmx.de Dispute resolution proceedings in front of a consumer arbitration board We are not willing or obliged to participate in dispute resolution proceedings in front of a consumer arbitration board.<\/p>\n","protected":false},"author":1,"featured_media":0,"parent":0,"menu_order":1100,"comment_status":"closed","ping_status":"closed","template":"","meta":{"_et_pb_use_builder":"on","_et_pb_old_content":"","_et_gb_content_width":"","footnotes":""},"class_list":["post-1284","page","type-page","status-publish","hentry"],"yoast_head":"<!-- This site is optimized with the Yoast SEO plugin v26.1.1 - https:\/\/yoast.com\/wordpress\/plugins\/seo\/ -->\n<title>Site Notice - Outdoorcampingplatz Massingsm\u00fchle<\/title>\n<meta name=\"robots\" content=\"index, follow, max-snippet:-1, max-image-preview:large, max-video-preview:-1\" \/>\n<link rel=\"canonical\" href=\"https:\/\/outdoorcampingplatz-im-hunsrueck.de\/en\/site-notice\/\" \/>\n<meta property=\"og:locale\" content=\"en_US\" \/>\n<meta property=\"og:type\" content=\"article\" \/>\n<meta property=\"og:title\" content=\"Site Notice - Outdoorcampingplatz Massingsm\u00fchle\" \/>\n<meta property=\"og:description\" content=\"Site Notice Bj\u00f6rn FilzOutdoorcampingplatz Massingsm\u00fchleBj\u00f6rn FilzMassingsm\u00fchle54424 Etgert Contact Phone: 06504-305E-mail: filz_massingsmuehle@gmx.de Dispute resolution proceedings in front of a consumer arbitration board We are not willing or obliged to participate in dispute resolution proceedings in front of a consumer arbitration board.\" \/>\n<meta property=\"og:url\" content=\"https:\/\/outdoorcampingplatz-im-hunsrueck.de\/en\/site-notice\/\" \/>\n<meta property=\"og:site_name\" content=\"Outdoorcampingplatz Massingsm\u00fchle\" \/>\n<meta property=\"article:modified_time\" content=\"2025-09-04T14:19:51+00:00\" \/>\n<meta name=\"twitter:card\" content=\"summary_large_image\" \/>\n<meta name=\"twitter:label1\" content=\"Est. reading time\" \/>\n\t<meta name=\"twitter:data1\" content=\"3 minutes\" \/>\n<script type=\"application\/ld+json\" class=\"yoast-schema-graph\">{\"@context\":\"https:\/\/schema.org\",\"@graph\":[{\"@type\":\"WebPage\",\"@id\":\"https:\/\/outdoorcampingplatz-im-hunsrueck.de\/en\/site-notice\/\",\"url\":\"https:\/\/outdoorcampingplatz-im-hunsrueck.de\/en\/site-notice\/\",\"name\":\"Site Notice - Outdoorcampingplatz Massingsm\u00fchle\",\"isPartOf\":{\"@id\":\"https:\/\/outdoorcampingplatz-im-hunsrueck.de\/en\/#website\"},\"datePublished\":\"2019-04-09T10:19:35+00:00\",\"dateModified\":\"2025-09-04T14:19:51+00:00\",\"breadcrumb\":{\"@id\":\"https:\/\/outdoorcampingplatz-im-hunsrueck.de\/en\/site-notice\/#breadcrumb\"},\"inLanguage\":\"en-US\",\"potentialAction\":[{\"@type\":\"ReadAction\",\"target\":[\"https:\/\/outdoorcampingplatz-im-hunsrueck.de\/en\/site-notice\/\"]}]},{\"@type\":\"BreadcrumbList\",\"@id\":\"https:\/\/outdoorcampingplatz-im-hunsrueck.de\/en\/site-notice\/#breadcrumb\",\"itemListElement\":[{\"@type\":\"ListItem\",\"position\":1,\"name\":\"Home\",\"item\":\"https:\/\/outdoorcampingplatz-im-hunsrueck.de\/en\/\"},{\"@type\":\"ListItem\",\"position\":2,\"name\":\"Site Notice\"}]},{\"@type\":\"WebSite\",\"@id\":\"https:\/\/outdoorcampingplatz-im-hunsrueck.de\/en\/#website\",\"url\":\"https:\/\/outdoorcampingplatz-im-hunsrueck.de\/en\/\",\"name\":\"Outdoorcampingplatz Massingsm\u00fchle\",\"description\":\"Slogan\",\"potentialAction\":[{\"@type\":\"SearchAction\",\"target\":{\"@type\":\"EntryPoint\",\"urlTemplate\":\"https:\/\/outdoorcampingplatz-im-hunsrueck.de\/en\/?s={search_term_string}\"},\"query-input\":{\"@type\":\"PropertyValueSpecification\",\"valueRequired\":true,\"valueName\":\"search_term_string\"}}],\"inLanguage\":\"en-US\"}]}<\/script>\n<!-- \/ Yoast SEO plugin. -->","yoast_head_json":{"title":"Site Notice - Outdoorcampingplatz Massingsm\u00fchle","robots":{"index":"index","follow":"follow","max-snippet":"max-snippet:-1","max-image-preview":"max-image-preview:large","max-video-preview":"max-video-preview:-1"},"canonical":"https:\/\/outdoorcampingplatz-im-hunsrueck.de\/en\/site-notice\/","og_locale":"en_US","og_type":"article","og_title":"Site Notice - Outdoorcampingplatz Massingsm\u00fchle","og_description":"Site Notice Bj\u00f6rn FilzOutdoorcampingplatz Massingsm\u00fchleBj\u00f6rn FilzMassingsm\u00fchle54424 Etgert Contact Phone: 06504-305E-mail: filz_massingsmuehle@gmx.de Dispute resolution proceedings in front of a consumer arbitration board We are not willing or obliged to participate in dispute resolution proceedings in front of a consumer arbitration board.","og_url":"https:\/\/outdoorcampingplatz-im-hunsrueck.de\/en\/site-notice\/","og_site_name":"Outdoorcampingplatz Massingsm\u00fchle","article_modified_time":"2025-09-04T14:19:51+00:00","twitter_card":"summary_large_image","twitter_misc":{"Est. reading time":"3 minutes"},"schema":{"@context":"https:\/\/schema.org","@graph":[{"@type":"WebPage","@id":"https:\/\/outdoorcampingplatz-im-hunsrueck.de\/en\/site-notice\/","url":"https:\/\/outdoorcampingplatz-im-hunsrueck.de\/en\/site-notice\/","name":"Site Notice - Outdoorcampingplatz Massingsm\u00fchle","isPartOf":{"@id":"https:\/\/outdoorcampingplatz-im-hunsrueck.de\/en\/#website"},"datePublished":"2019-04-09T10:19:35+00:00","dateModified":"2025-09-04T14:19:51+00:00","breadcrumb":{"@id":"https:\/\/outdoorcampingplatz-im-hunsrueck.de\/en\/site-notice\/#breadcrumb"},"inLanguage":"en-US","potentialAction":[{"@type":"ReadAction","target":["https:\/\/outdoorcampingplatz-im-hunsrueck.de\/en\/site-notice\/"]}]},{"@type":"BreadcrumbList","@id":"https:\/\/outdoorcampingplatz-im-hunsrueck.de\/en\/site-notice\/#breadcrumb","itemListElement":[{"@type":"ListItem","position":1,"name":"Home","item":"https:\/\/outdoorcampingplatz-im-hunsrueck.de\/en\/"},{"@type":"ListItem","position":2,"name":"Site Notice"}]},{"@type":"WebSite","@id":"https:\/\/outdoorcampingplatz-im-hunsrueck.de\/en\/#website","url":"https:\/\/outdoorcampingplatz-im-hunsrueck.de\/en\/","name":"Outdoorcampingplatz Massingsm\u00fchle","description":"Slogan","potentialAction":[{"@type":"SearchAction","target":{"@type":"EntryPoint","urlTemplate":"https:\/\/outdoorcampingplatz-im-hunsrueck.de\/en\/?s={search_term_string}"},"query-input":{"@type":"PropertyValueSpecification","valueRequired":true,"valueName":"search_term_string"}}],"inLanguage":"en-US"}]}},"_links":{"self":[{"href":"https:\/\/outdoorcampingplatz-im-hunsrueck.de\/en\/wp-json\/wp\/v2\/pages\/1284","targetHints":{"allow":["GET"]}}],"collection":[{"href":"https:\/\/outdoorcampingplatz-im-hunsrueck.de\/en\/wp-json\/wp\/v2\/pages"}],"about":[{"href":"https:\/\/outdoorcampingplatz-im-hunsrueck.de\/en\/wp-json\/wp\/v2\/types\/page"}],"author":[{"embeddable":true,"href":"https:\/\/outdoorcampingplatz-im-hunsrueck.de\/en\/wp-json\/wp\/v2\/users\/1"}],"replies":[{"embeddable":true,"href":"https:\/\/outdoorcampingplatz-im-hunsrueck.de\/en\/wp-json\/wp\/v2\/comments?post=1284"}],"version-history":[{"count":4,"href":"https:\/\/outdoorcampingplatz-im-hunsrueck.de\/en\/wp-json\/wp\/v2\/pages\/1284\/revisions"}],"predecessor-version":[{"id":1691,"href":"https:\/\/outdoorcampingplatz-im-hunsrueck.de\/en\/wp-json\/wp\/v2\/pages\/1284\/revisions\/1691"}],"wp:attachment":[{"href":"https:\/\/outdoorcampingplatz-im-hunsrueck.de\/en\/wp-json\/wp\/v2\/media?parent=1284"}],"curies":[{"name":"wp","href":"https:\/\/api.w.org\/{rel}","templated":true}]}}